{"id":14266,"date":"2020-12-01T09:33:37","date_gmt":"2020-12-01T09:33:37","guid":{"rendered":"http:\/\/192.168.0.108\/braintech\/?page_id=14266"},"modified":"2025-08-16T11:50:44","modified_gmt":"2025-08-16T11:50:44","slug":"formations","status":"publish","type":"page","link":"https:\/\/ggroup-ci.com\/?page_id=14266","title":{"rendered":"Formations"},"content":{"rendered":"\t\t<div data-elementor-type=\"wp-page\" data-elementor-id=\"14266\" class=\"elementor elementor-14266\">\n\t\t\t\t\t\t<section class=\"elementor-section elementor-top-section elementor-element elementor-element-70d0358 elementor-section-full_width elementor-section-content-middle elementor-section-height-default elementor-section-height-default\" data-id=\"70d0358\" data-element_type=\"section\">\n\t\t\t\t\t\t<div class=\"elementor-container elementor-column-gap-wide\">\n\t\t\t\t\t<div class=\"elementor-column elementor-col-50 elementor-top-column elementor-element elementor-element-180a140\" data-id=\"180a140\" data-element_type=\"column\">\n\t\t\t<div class=\"elementor-widget-wrap elementor-element-populated\">\n\t\t\t\t\t\t<div class=\"elementor-element elementor-element-85c37bd elementor-widget elementor-widget-rs-heading\" data-id=\"85c37bd\" data-element_type=\"widget\" data-widget_type=\"rs-heading.default\">\n\t\t\t\t<div class=\"elementor-widget-container\">\n\t\t\t\t\t        <div class=\"rs-heading style14  \">\r\n        \t<div class=\"title-inner\">        \t\t      \t\t\r\n\t            <span class=\"sub-text \">FORMATIONS<\/span><h2 class=\"title\"><span class=\"watermark\"><\/span>Nos formations<\/h2>\t\t\t\t\t\t\t\t\t<div class=\"heading-line\"><\/div>\r\n\t\t\t\t\t        <\/div>\r\n\t                    \t<div class=\"description\">\r\n            \t\t<p>Pr\u00e9parez-vous aux m\u00e9tiers de demain avec nos formations pratiques et ax\u00e9es sur les comp\u00e9tences r\u00e9elles du terrain.<br data-start=\"334\" data-end=\"337\" \/>Notre entreprise propose des programmes de <strong data-start=\"380\" data-end=\"442\">formation en d\u00e9veloppement de logiciels et en informatique<\/strong>, con\u00e7us pour les d\u00e9butants comme pour les professionnels souhaitant monter en comp\u00e9tences.<\/p>            \t\t\r\n            \t<\/div>\r\n        \t        <\/div>\r\n\r\n        \t\t\t\t<\/div>\n\t\t\t\t<\/div>\n\t\t\t\t<div class=\"elementor-element elementor-element-c08c638 elementor-widget elementor-widget-rs-button\" data-id=\"c08c638\" data-element_type=\"widget\" data-widget_type=\"rs-button.default\">\n\t\t\t\t<div class=\"elementor-widget-container\">\n\t\t\t\t\t\t\r\n\t\t\r\n\t\t\t\t\t<div class=\"rs-btn\">\r\n\t\t\t\t\t\t\t\t<a class=\"readon rs_button\" href=\"\" >\t\t\t\t\r\n\t\t\t\t\t<span class=\"btn_text\">Contact<\/span>\r\n\t\t\t\t\t\t\t\t\t<\/a>\r\n\t\t\t<\/div> \r\n\t\t   \r\n\t\t\t\t\t<\/div>\n\t\t\t\t<\/div>\n\t\t\t\t\t<\/div>\n\t\t<\/div>\n\t\t\t\t<div class=\"elementor-column elementor-col-50 elementor-top-column elementor-element elementor-element-97938da animated-slow\" data-id=\"97938da\" data-element_type=\"column\" data-settings=\"{&quot;animation&quot;:&quot;none&quot;,&quot;animation_delay&quot;:500}\">\n\t\t\t<div class=\"elementor-widget-wrap elementor-element-populated\">\n\t\t\t\t\t\t<div class=\"elementor-element elementor-element-f9a5035 animated-slow elementor-widget elementor-widget-image\" data-id=\"f9a5035\" data-element_type=\"widget\" data-settings=\"{&quot;_animation&quot;:&quot;none&quot;}\" data-widget_type=\"image.default\">\n\t\t\t\t\t\t\t\t\t\t\t\t\t\t\t<img fetchpriority=\"high\" decoding=\"async\" width=\"612\" height=\"344\" src=\"https:\/\/ggroup-ci.com\/wp-content\/uploads\/2025\/08\/for.jpg\" class=\"attachment-large size-large wp-image-21887\" alt=\"\" srcset=\"https:\/\/ggroup-ci.com\/wp-content\/uploads\/2025\/08\/for.jpg 612w, https:\/\/ggroup-ci.com\/wp-content\/uploads\/2025\/08\/for-300x169.jpg 300w, https:\/\/ggroup-ci.com\/wp-content\/uploads\/2025\/08\/for-600x337.jpg 600w\" sizes=\"(max-width: 612px) 100vw, 612px\" \/>\t\t\t\t\t\t\t\t\t\t\t\t\t\t\t<\/div>\n\t\t\t\t\t<\/div>\n\t\t<\/div>\n\t\t\t\t\t<\/div>\n\t\t<\/section>\n\t\t\t\t<\/div>\n\t\t","protected":false},"excerpt":{"rendered":"<p>FORMATIONS Nos formations Pr\u00e9parez-vous aux m\u00e9tiers de demain avec nos formations pratiques et ax\u00e9es sur les comp\u00e9tences r\u00e9elles du terrain.Notre entreprise propose des programmes de formation en d\u00e9veloppement de logiciels et en informatique, con\u00e7us pour les d\u00e9butants comme pour les professionnels souhaitant monter en comp\u00e9tences. Contact<\/p>\n","protected":false},"author":1,"featured_media":0,"parent":11559,"menu_order":0,"comment_status":"closed","ping_status":"closed","template":"","meta":{"_monsterinsights_skip_tracking":false,"_monsterinsights_sitenote_active":false,"_monsterinsights_sitenote_note":"","_monsterinsights_sitenote_category":0,"footnotes":""},"class_list":["post-14266","page","type-page","status-publish","hentry"],"aioseo_notices":[],"_links":{"self":[{"href":"https:\/\/ggroup-ci.com\/index.php?rest_route=\/wp\/v2\/pages\/14266","targetHints":{"allow":["GET"]}}],"collection":[{"href":"https:\/\/ggroup-ci.com\/index.php?rest_route=\/wp\/v2\/pages"}],"about":[{"href":"https:\/\/ggroup-ci.com\/index.php?rest_route=\/wp\/v2\/types\/page"}],"author":[{"embeddable":true,"href":"https:\/\/ggroup-ci.com\/index.php?rest_route=\/wp\/v2\/users\/1"}],"replies":[{"embeddable":true,"href":"https:\/\/ggroup-ci.com\/index.php?rest_route=%2Fwp%2Fv2%2Fcomments&post=14266"}],"version-history":[{"count":5,"href":"https:\/\/ggroup-ci.com\/index.php?rest_route=\/wp\/v2\/pages\/14266\/revisions"}],"predecessor-version":[{"id":21890,"href":"https:\/\/ggroup-ci.com\/index.php?rest_route=\/wp\/v2\/pages\/14266\/revisions\/21890"}],"up":[{"embeddable":true,"href":"https:\/\/ggroup-ci.com\/index.php?rest_route=\/wp\/v2\/pages\/11559"}],"wp:attachment":[{"href":"https:\/\/ggroup-ci.com\/index.php?rest_route=%2Fwp%2Fv2%2Fmedia&parent=14266"}],"curies":[{"name":"wp","href":"https:\/\/api.w.org\/{rel}","templated":true}]}}