{"id":14275,"date":"2020-12-01T09:36:20","date_gmt":"2020-12-01T09:36:20","guid":{"rendered":"http:\/\/192.168.0.108\/braintech\/?page_id=14275"},"modified":"2025-08-16T11:26:19","modified_gmt":"2025-08-16T11:26:19","slug":"communication-visuelle","status":"publish","type":"page","link":"https:\/\/ggroup-ci.com\/?page_id=14275","title":{"rendered":"Communication visuelle"},"content":{"rendered":"\t\t<div data-elementor-type=\"wp-page\" data-elementor-id=\"14275\" class=\"elementor elementor-14275\">\n\t\t\t\t\t\t<section class=\"elementor-section elementor-top-section elementor-element elementor-element-774dc4d elementor-section-full_width elementor-section-height-default elementor-section-height-default\" data-id=\"774dc4d\" data-element_type=\"section\">\n\t\t\t\t\t\t<div class=\"elementor-container elementor-column-gap-default\">\n\t\t\t\t\t<div class=\"elementor-column elementor-col-50 elementor-top-column elementor-element elementor-element-ce1ef79\" data-id=\"ce1ef79\" data-element_type=\"column\">\n\t\t\t<div class=\"elementor-widget-wrap elementor-element-populated\">\n\t\t\t\t\t\t<div class=\"elementor-element elementor-element-c3a9daf elementor-widget elementor-widget-image\" data-id=\"c3a9daf\" data-element_type=\"widget\" data-widget_type=\"image.default\">\n\t\t\t\t\t\t\t\t\t\t\t\t\t\t\t<img fetchpriority=\"high\" decoding=\"async\" width=\"1707\" height=\"2560\" src=\"https:\/\/ggroup-ci.com\/wp-content\/uploads\/2025\/08\/com-scaled.jpg\" class=\"attachment-full size-full wp-image-21874\" alt=\"\" srcset=\"https:\/\/ggroup-ci.com\/wp-content\/uploads\/2025\/08\/com-scaled.jpg 1707w, https:\/\/ggroup-ci.com\/wp-content\/uploads\/2025\/08\/com-200x300.jpg 200w, https:\/\/ggroup-ci.com\/wp-content\/uploads\/2025\/08\/com-683x1024.jpg 683w, https:\/\/ggroup-ci.com\/wp-content\/uploads\/2025\/08\/com-768x1152.jpg 768w, https:\/\/ggroup-ci.com\/wp-content\/uploads\/2025\/08\/com-1024x1536.jpg 1024w, https:\/\/ggroup-ci.com\/wp-content\/uploads\/2025\/08\/com-1365x2048.jpg 1365w, https:\/\/ggroup-ci.com\/wp-content\/uploads\/2025\/08\/com-600x900.jpg 600w\" sizes=\"(max-width: 1707px) 100vw, 1707px\" \/>\t\t\t\t\t\t\t\t\t\t\t\t\t\t\t<\/div>\n\t\t\t\t<div class=\"elementor-element elementor-element-07130a1 elementor-widget elementor-widget-heading\" data-id=\"07130a1\" data-element_type=\"widget\" data-widget_type=\"heading.default\">\n\t\t\t\t\t<h2 class=\"elementor-heading-title elementor-size-default\">Conception r\u00e9active au pixel pr\u00e8s<\/h2>\t\t\t\t<\/div>\n\t\t\t\t<div class=\"elementor-element elementor-element-e1fc284 elementor-widget elementor-widget-text-editor\" data-id=\"e1fc284\" data-element_type=\"widget\" data-widget_type=\"text-editor.default\">\n\t\t\t\t\t\t\t\t\t<p data-start=\"153\" data-end=\"416\">Donnez vie \u00e0 votre image de marque avec une <strong data-start=\"197\" data-end=\"253\">communication visuelle forte, coh\u00e9rente et m\u00e9morable<\/strong>.<br data-start=\"254\" data-end=\"257\" \/>Nous concevons des identit\u00e9s visuelles percutantes, des supports graphiques professionnels et des contenus visuels adapt\u00e9s \u00e0 tous les canaux (print &amp; digital).<\/p><p data-start=\"418\" data-end=\"664\">Du <strong data-start=\"421\" data-end=\"429\">logo<\/strong> \u00e0 la <strong data-start=\"435\" data-end=\"455\">charte graphique<\/strong>, en passant par les <strong data-start=\"476\" data-end=\"501\">visuels publicitaires<\/strong>, <strong data-start=\"503\" data-end=\"520\">pr\u00e9sentations<\/strong>, <strong data-start=\"522\" data-end=\"532\">vid\u00e9os<\/strong> ou <strong data-start=\"536\" data-end=\"550\">animations<\/strong>, notre \u00e9quipe allie cr\u00e9ativit\u00e9 et strat\u00e9gie pour refl\u00e9ter vos valeurs, capter l\u2019attention et marquer les esprits.<\/p><p data-start=\"666\" data-end=\"735\">Votre image m\u00e9rite plus qu\u2019un simple design : elle m\u00e9rite une vision.<\/p>\t\t\t\t\t\t\t\t<\/div>\n\t\t\t\t<div class=\"elementor-element elementor-element-99ad2f6 elementor-widget elementor-widget-rs-heading\" data-id=\"99ad2f6\" data-element_type=\"widget\" data-widget_type=\"rs-heading.default\">\n\t\t\t\t<div class=\"elementor-widget-container\">\n\t\t\t\t\t        <div class=\"rs-heading style16  \">\r\n        \t<div class=\"title-inner\">        \t\t      \t\t\r\n\t            <h3 class=\"title\"><span class=\"watermark\"><\/span>Pourquoi travailler avec nous<\/h3>\t\t\t\t\t        <\/div>\r\n\t                <\/div>\r\n\r\n        \t\t\t\t<\/div>\n\t\t\t\t<\/div>\n\t\t\t\t<section class=\"elementor-section elementor-inner-section elementor-element elementor-element-3b722d9 elementor-section-boxed elementor-section-height-default elementor-section-height-default\" data-id=\"3b722d9\" data-element_type=\"section\">\n\t\t\t\t\t\t<div class=\"elementor-container elementor-column-gap-default\">\n\t\t\t\t\t<div class=\"elementor-column elementor-col-50 elementor-inner-column elementor-element elementor-element-062e894\" data-id=\"062e894\" data-element_type=\"column\">\n\t\t\t<div class=\"elementor-widget-wrap elementor-element-populated\">\n\t\t\t\t\t\t<div class=\"elementor-element elementor-element-fb51dd8 elementor-widget elementor-widget-rs-progress\" data-id=\"fb51dd8\" data-element_type=\"widget\" data-widget_type=\"rs-progress.default\">\n\t\t\t\t<div class=\"elementor-widget-container\">\n\t\t\t\t\t\n\t\t<div class=\"rs-skill-bar striped  style3\"> \n            <div class=\"skillbar\" data-percent=\"100\"> \n                <span class=\"skillbar-title\">Realisation de vos logos<\/span>\n\n                <p class=\"skillbar-bar\">\n\n                                \t\t\t                <span class=\"skill-bar-percent\"><\/span> \n\t\t            \t\t            \n\n                <\/p>\n                  \n\n            <\/div>\n        <\/div>\n\n        <script type=\"text\/javascript\">\t\t\t\n\t\t\tjQuery(document).ready(function(){\n\t\t\t\tjQuery('.skillbar').skillBars({  \n\t\t            from: 0,    \n\t\t            speed: 4000,    \n\t\t            interval: 100,  \n\t\t            decimals: 0,    \n\t\t        });\n\t\t\t});\n\t\t<\/script>\n\n\t\t\t\t\t\t<\/div>\n\t\t\t\t<\/div>\n\t\t\t\t<div class=\"elementor-element elementor-element-040c7df elementor-widget elementor-widget-rs-progress\" data-id=\"040c7df\" data-element_type=\"widget\" data-widget_type=\"rs-progress.default\">\n\t\t\t\t<div class=\"elementor-widget-container\">\n\t\t\t\t\t\n\t\t<div class=\"rs-skill-bar striped  style3\"> \n            <div class=\"skillbar\" data-percent=\"100\"> \n                <span class=\"skillbar-title\">confection de vos flyers<\/span>\n\n                <p class=\"skillbar-bar\">\n\n                                \t\t\t                <span class=\"skill-bar-percent\"><\/span> \n\t\t            \t\t            \n\n                <\/p>\n                  \n\n            <\/div>\n        <\/div>\n\n        <script type=\"text\/javascript\">\t\t\t\n\t\t\tjQuery(document).ready(function(){\n\t\t\t\tjQuery('.skillbar').skillBars({  \n\t\t            from: 0,    \n\t\t            speed: 4000,    \n\t\t            interval: 100,  \n\t\t            decimals: 0,    \n\t\t        });\n\t\t\t});\n\t\t<\/script>\n\n\t\t\t\t\t\t<\/div>\n\t\t\t\t<\/div>\n\t\t\t\t<div class=\"elementor-element elementor-element-caa1146 elementor-widget elementor-widget-rs-progress\" data-id=\"caa1146\" data-element_type=\"widget\" data-widget_type=\"rs-progress.default\">\n\t\t\t\t<div class=\"elementor-widget-container\">\n\t\t\t\t\t\n\t\t<div class=\"rs-skill-bar striped  style3\"> \n            <div class=\"skillbar\" data-percent=\"100\"> \n                <span class=\"skillbar-title\">une charte graphique<\/span>\n\n                <p class=\"skillbar-bar\">\n\n                                \t\t\t                <span class=\"skill-bar-percent\"><\/span> \n\t\t            \t\t            \n\n                <\/p>\n                  \n\n            <\/div>\n        <\/div>\n\n        <script type=\"text\/javascript\">\t\t\t\n\t\t\tjQuery(document).ready(function(){\n\t\t\t\tjQuery('.skillbar').skillBars({  \n\t\t            from: 0,    \n\t\t            speed: 4000,    \n\t\t            interval: 100,  \n\t\t            decimals: 0,    \n\t\t        });\n\t\t\t});\n\t\t<\/script>\n\n\t\t\t\t\t\t<\/div>\n\t\t\t\t<\/div>\n\t\t\t\t\t<\/div>\n\t\t<\/div>\n\t\t\t\t<div class=\"elementor-column elementor-col-50 elementor-inner-column elementor-element elementor-element-56d10f3\" data-id=\"56d10f3\" data-element_type=\"column\">\n\t\t\t<div class=\"elementor-widget-wrap elementor-element-populated\">\n\t\t\t\t\t\t<div class=\"elementor-element elementor-element-3c4d634 elementor-widget elementor-widget-rs-progress\" data-id=\"3c4d634\" data-element_type=\"widget\" data-widget_type=\"rs-progress.default\">\n\t\t\t\t<div class=\"elementor-widget-container\">\n\t\t\t\t\t\n\t\t<div class=\"rs-skill-bar striped  style3\"> \n            <div class=\"skillbar\" data-percent=\"100\"> \n                <span class=\"skillbar-title\">montage video<\/span>\n\n                <p class=\"skillbar-bar\">\n\n                                \t\t\t                <span class=\"skill-bar-percent\"><\/span> \n\t\t            \t\t            \n\n                <\/p>\n                  \n\n            <\/div>\n        <\/div>\n\n        <script type=\"text\/javascript\">\t\t\t\n\t\t\tjQuery(document).ready(function(){\n\t\t\t\tjQuery('.skillbar').skillBars({  \n\t\t            from: 0,    \n\t\t            speed: 4000,    \n\t\t            interval: 100,  \n\t\t            decimals: 0,    \n\t\t        });\n\t\t\t});\n\t\t<\/script>\n\n\t\t\t\t\t\t<\/div>\n\t\t\t\t<\/div>\n\t\t\t\t<div class=\"elementor-element elementor-element-0c664ec elementor-widget elementor-widget-rs-progress\" data-id=\"0c664ec\" data-element_type=\"widget\" data-widget_type=\"rs-progress.default\">\n\t\t\t\t<div class=\"elementor-widget-container\">\n\t\t\t\t\t\n\t\t<div class=\"rs-skill-bar striped  style3\"> \n            <div class=\"skillbar\" data-percent=\"100\"> \n                <span class=\"skillbar-title\">spot publicitaire<\/span>\n\n                <p class=\"skillbar-bar\">\n\n                                \t\t\t                <span class=\"skill-bar-percent\"><\/span> \n\t\t            \t\t            \n\n                <\/p>\n                  \n\n            <\/div>\n        <\/div>\n\n        <script type=\"text\/javascript\">\t\t\t\n\t\t\tjQuery(document).ready(function(){\n\t\t\t\tjQuery('.skillbar').skillBars({  \n\t\t            from: 0,    \n\t\t            speed: 4000,    \n\t\t            interval: 100,  \n\t\t            decimals: 0,    \n\t\t        });\n\t\t\t});\n\t\t<\/script>\n\n\t\t\t\t\t\t<\/div>\n\t\t\t\t<\/div>\n\t\t\t\t<div class=\"elementor-element elementor-element-95873b4 elementor-widget elementor-widget-rs-progress\" data-id=\"95873b4\" data-element_type=\"widget\" data-widget_type=\"rs-progress.default\">\n\t\t\t\t<div class=\"elementor-widget-container\">\n\t\t\t\t\t\n\t\t<div class=\"rs-skill-bar striped  style1\"> \n            <div class=\"skillbar\" data-percent=\"100\"> \n                <span class=\"skillbar-title\">clip video<\/span>\n\n                <p class=\"skillbar-bar\">\n\n                    \n\n                <\/p>\n                \t                \t\t                <span class=\"skill-bar-percent\"><\/span> \n\t\t            \t              \n\n            <\/div>\n        <\/div>\n\n        <script type=\"text\/javascript\">\t\t\t\n\t\t\tjQuery(document).ready(function(){\n\t\t\t\tjQuery('.skillbar').skillBars({  \n\t\t            from: 0,    \n\t\t            speed: 4000,    \n\t\t            interval: 100,  \n\t\t            decimals: 0,    \n\t\t        });\n\t\t\t});\n\t\t<\/script>\n\n\t\t\t\t\t\t<\/div>\n\t\t\t\t<\/div>\n\t\t\t\t\t<\/div>\n\t\t<\/div>\n\t\t\t\t\t<\/div>\n\t\t<\/section>\n\t\t\t\t<section class=\"elementor-section elementor-inner-section elementor-element elementor-element-78d8d3c elementor-section-boxed elementor-section-height-default elementor-section-height-default\" data-id=\"78d8d3c\" data-element_type=\"section\">\n\t\t\t\t\t\t<div class=\"elementor-container elementor-column-gap-default\">\n\t\t\t\t\t<div class=\"elementor-column elementor-col-100 elementor-inner-column elementor-element elementor-element-f7f62e3\" data-id=\"f7f62e3\" data-element_type=\"column\">\n\t\t\t<div class=\"elementor-widget-wrap elementor-element-populated\">\n\t\t\t\t\t\t<div class=\"elementor-element elementor-element-bce8326 elementor-widget elementor-widget-rs-heading\" data-id=\"bce8326\" data-element_type=\"widget\" data-widget_type=\"rs-heading.default\">\n\t\t\t\t<div class=\"elementor-widget-container\">\n\t\t\t\t\t        <div class=\"rs-heading style16  \">\r\n        \t<div class=\"title-inner\">        \t\t      \t\t\r\n\t            <h3 class=\"title\"><span class=\"watermark\"><\/span>Assistance intelligente 24h\/24 et 7j\/7<\/h3>\t\t\t\t\t        <\/div>\r\n\t                <\/div>\r\n\r\n        \t\t\t\t<\/div>\n\t\t\t\t<\/div>\n\t\t\t\t<div class=\"elementor-element elementor-element-d0cc7b3 elementor-widget elementor-widget-text-editor\" data-id=\"d0cc7b3\" data-element_type=\"widget\" data-widget_type=\"text-editor.default\">\n\t\t\t\t\t\t\t\t\t<p>Dans un univers concurrentiel, votre image est votre premier levier d\u2019impact.<br data-start=\"214\" data-end=\"217\" \/>Notre service de <strong data-start=\"234\" data-end=\"260\">communication visuelle<\/strong> aide les startups \u00e0 cr\u00e9er une <strong data-start=\"291\" data-end=\"322\">identit\u00e9 forte et coh\u00e9rente<\/strong>, qui se d\u00e9marque et inspire confiance.<\/p>\t\t\t\t\t\t\t\t<\/div>\n\t\t\t\t\t<\/div>\n\t\t<\/div>\n\t\t\t\t\t<\/div>\n\t\t<\/section>\n\t\t\t\t<section class=\"elementor-section elementor-inner-section elementor-element elementor-element-df42276 elementor-section-boxed elementor-section-height-default elementor-section-height-default\" data-id=\"df42276\" data-element_type=\"section\">\n\t\t\t\t\t\t<div class=\"elementor-container elementor-column-gap-default\">\n\t\t\t\t\t<div class=\"elementor-column elementor-col-50 elementor-inner-column elementor-element elementor-element-f15f6df\" data-id=\"f15f6df\" data-element_type=\"column\">\n\t\t\t<div class=\"elementor-widget-wrap elementor-element-populated\">\n\t\t\t\t\t\t<div class=\"elementor-element elementor-element-3199b43 elementor-widget elementor-widget-image\" data-id=\"3199b43\" data-element_type=\"widget\" data-widget_type=\"image.default\">\n\t\t\t\t\t\t\t\t\t\t\t\t\t\t\t<img decoding=\"async\" width=\"560\" height=\"580\" src=\"https:\/\/ggroup-ci.com\/wp-content\/uploads\/2020\/11\/home11.jpg\" class=\"attachment-large size-large wp-image-12627\" alt=\"\" srcset=\"https:\/\/ggroup-ci.com\/wp-content\/uploads\/2020\/11\/home11.jpg 560w, https:\/\/ggroup-ci.com\/wp-content\/uploads\/2020\/11\/home11-290x300.jpg 290w\" sizes=\"(max-width: 560px) 100vw, 560px\" \/>\t\t\t\t\t\t\t\t\t\t\t\t\t\t\t<\/div>\n\t\t\t\t\t<\/div>\n\t\t<\/div>\n\t\t\t\t<div class=\"elementor-column elementor-col-50 elementor-inner-column elementor-element elementor-element-028abb8\" data-id=\"028abb8\" data-element_type=\"column\">\n\t\t\t<div class=\"elementor-widget-wrap elementor-element-populated\">\n\t\t\t\t\t\t<div class=\"elementor-element elementor-element-1ac1265 elementor-widget elementor-widget-image\" data-id=\"1ac1265\" data-element_type=\"widget\" data-widget_type=\"image.default\">\n\t\t\t\t\t\t\t\t\t\t\t\t\t\t\t<img decoding=\"async\" width=\"560\" height=\"580\" src=\"https:\/\/ggroup-ci.com\/wp-content\/uploads\/2020\/11\/home7.jpg\" class=\"attachment-large size-large wp-image-12628\" alt=\"\" srcset=\"https:\/\/ggroup-ci.com\/wp-content\/uploads\/2020\/11\/home7.jpg 560w, https:\/\/ggroup-ci.com\/wp-content\/uploads\/2020\/11\/home7-290x300.jpg 290w\" sizes=\"(max-width: 560px) 100vw, 560px\" \/>\t\t\t\t\t\t\t\t\t\t\t\t\t\t\t<\/div>\n\t\t\t\t\t<\/div>\n\t\t<\/div>\n\t\t\t\t\t<\/div>\n\t\t<\/section>\n\t\t\t\t\t<\/div>\n\t\t<\/div>\n\t\t\t\t<div class=\"elementor-column elementor-col-50 elementor-top-column elementor-element elementor-element-17f1cd9 bs-sidebar dynamic-sidebar\" data-id=\"17f1cd9\" data-element_type=\"column\">\n\t\t\t<div class=\"elementor-widget-wrap elementor-element-populated\">\n\t\t\t\t\t\t<section class=\"elementor-section elementor-inner-section elementor-element elementor-element-198b7ee elementor-section-boxed elementor-section-height-default elementor-section-height-default\" data-id=\"198b7ee\" data-element_type=\"section\">\n\t\t\t\t\t\t<div class=\"elementor-container elementor-column-gap-default\">\n\t\t\t\t\t<div class=\"elementor-column elementor-col-100 elementor-inner-column elementor-element elementor-element-199894f\" data-id=\"199894f\" data-element_type=\"column\" data-settings=\"{&quot;background_background&quot;:&quot;classic&quot;}\">\n\t\t\t<div class=\"elementor-widget-wrap elementor-element-populated\">\n\t\t\t\t\t\t<div class=\"elementor-element elementor-element-0c6aa21 phones elementor-widget elementor-widget-rs-contact-box\" data-id=\"0c6aa21\" data-element_type=\"widget\" data-widget_type=\"rs-contact-box.default\">\n\t\t\t\t<div class=\"elementor-widget-container\">\n\t\t\t\t\t\t\t\r\n\r\n\t\t<!-- Style 1 Start -->\r\n\t\t<div class=\"rs-contact-box\">\r\n\r\n\t\t\t\t\t\t<div class=\"address-item vertical boxstyle1\">\r\n\r\n\t\t\t\t\t\t\t            <div class=\"address-icon\">\r\n\t\t            \t\t\t            \t\t<i class=\"fa fa-phone\"><\/i>\r\n\t\t            \t\t\t            <\/div>\r\n\t\t            \r\n\t\t            <div class=\"address-text\">\r\n\t\t            \t\r\n\r\n\t\t            \t\r\n\r\n\t\t            \t\t\t            <\/div>\r\n\t\t        <\/div>\r\n\t\t\t\t\t<\/div>\r\n\r\n\t<!-- Style 1 End -->\t\r\n\t\t\r\n\t\t\t\t\t<\/div>\n\t\t\t\t<\/div>\n\t\t\t\t<div class=\"elementor-element elementor-element-a234a36 elementor-widget elementor-widget-heading\" data-id=\"a234a36\" data-element_type=\"widget\" data-widget_type=\"heading.default\">\n\t\t\t\t\t<h3 class=\"elementor-heading-title elementor-size-default\">Des questions ?\nAppelez-nous d\u00e8s aujourd'hui !<\/h3>\t\t\t\t<\/div>\n\t\t\t\t<div class=\"elementor-element elementor-element-002e095 elementor-widget elementor-widget-heading\" data-id=\"002e095\" data-element_type=\"widget\" data-widget_type=\"heading.default\">\n\t\t\t\t\t<h2 class=\"elementor-heading-title elementor-size-default\">+225 0768229567<\/h2>\t\t\t\t<\/div>\n\t\t\t\t\t<\/div>\n\t\t<\/div>\n\t\t\t\t\t<\/div>\n\t\t<\/section>\n\t\t\t\t\t<\/div>\n\t\t<\/div>\n\t\t\t\t\t<\/div>\n\t\t<\/section>\n\t\t\t\t<\/div>\n\t\t","protected":false},"excerpt":{"rendered":"<p>Conception r\u00e9active au pixel pr\u00e8s Donnez vie \u00e0 votre image de marque avec une communication visuelle forte, coh\u00e9rente et m\u00e9morable.Nous concevons des identit\u00e9s visuelles percutantes, des supports graphiques professionnels et des contenus visuels adapt\u00e9s \u00e0 tous les canaux (print &amp; digital). Du logo \u00e0 la charte graphique, en passant par les visuels publicitaires, pr\u00e9sentations, vid\u00e9os&#8230;<\/p>\n","protected":false},"author":1,"featured_media":0,"parent":11559,"menu_order":0,"comment_status":"closed","ping_status":"closed","template":"","meta":{"_monsterinsights_skip_tracking":false,"_monsterinsights_sitenote_active":false,"_monsterinsights_sitenote_note":"","_monsterinsights_sitenote_category":0,"footnotes":""},"class_list":["post-14275","page","type-page","status-publish","hentry"],"aioseo_notices":[],"_links":{"self":[{"href":"https:\/\/ggroup-ci.com\/index.php?rest_route=\/wp\/v2\/pages\/14275","targetHints":{"allow":["GET"]}}],"collection":[{"href":"https:\/\/ggroup-ci.com\/index.php?rest_route=\/wp\/v2\/pages"}],"about":[{"href":"https:\/\/ggroup-ci.com\/index.php?rest_route=\/wp\/v2\/types\/page"}],"author":[{"embeddable":true,"href":"https:\/\/ggroup-ci.com\/index.php?rest_route=\/wp\/v2\/users\/1"}],"replies":[{"embeddable":true,"href":"https:\/\/ggroup-ci.com\/index.php?rest_route=%2Fwp%2Fv2%2Fcomments&post=14275"}],"version-history":[{"count":9,"href":"https:\/\/ggroup-ci.com\/index.php?rest_route=\/wp\/v2\/pages\/14275\/revisions"}],"predecessor-version":[{"id":21880,"href":"https:\/\/ggroup-ci.com\/index.php?rest_route=\/wp\/v2\/pages\/14275\/revisions\/21880"}],"up":[{"embeddable":true,"href":"https:\/\/ggroup-ci.com\/index.php?rest_route=\/wp\/v2\/pages\/11559"}],"wp:attachment":[{"href":"https:\/\/ggroup-ci.com\/index.php?rest_route=%2Fwp%2Fv2%2Fmedia&parent=14275"}],"curies":[{"name":"wp","href":"https:\/\/api.w.org\/{rel}","templated":true}]}}