{"id":14280,"date":"2020-12-01T09:37:39","date_gmt":"2020-12-01T09:37:39","guid":{"rendered":"http:\/\/192.168.0.108\/braintech\/?page_id=14280"},"modified":"2025-08-16T11:35:07","modified_gmt":"2025-08-16T11:35:07","slug":"marketing-digital","status":"publish","type":"page","link":"https:\/\/ggroup-ci.com\/?page_id=14280","title":{"rendered":"Marketing digital"},"content":{"rendered":"\t\t<div data-elementor-type=\"wp-page\" data-elementor-id=\"14280\" class=\"elementor elementor-14280\">\n\t\t\t\t\t\t<section class=\"elementor-section elementor-top-section elementor-element elementor-element-f573d9d elementor-section-full_width elementor-section-height-default elementor-section-height-default\" data-id=\"f573d9d\" data-element_type=\"section\">\n\t\t\t\t\t\t<div class=\"elementor-container elementor-column-gap-default\">\n\t\t\t\t\t<div class=\"elementor-column elementor-col-50 elementor-top-column elementor-element elementor-element-995e824\" data-id=\"995e824\" data-element_type=\"column\">\n\t\t\t<div class=\"elementor-widget-wrap elementor-element-populated\">\n\t\t\t\t\t\t<div class=\"elementor-element elementor-element-feecc32 elementor-widget elementor-widget-image\" data-id=\"feecc32\" data-element_type=\"widget\" data-widget_type=\"image.default\">\n\t\t\t\t\t\t\t\t\t\t\t\t\t\t\t<img fetchpriority=\"high\" decoding=\"async\" width=\"2560\" height=\"1993\" src=\"https:\/\/ggroup-ci.com\/wp-content\/uploads\/2025\/08\/MAK-scaled.jpg\" class=\"attachment-full size-full wp-image-21882\" alt=\"\" srcset=\"https:\/\/ggroup-ci.com\/wp-content\/uploads\/2025\/08\/MAK-scaled.jpg 2560w, https:\/\/ggroup-ci.com\/wp-content\/uploads\/2025\/08\/MAK-300x234.jpg 300w, https:\/\/ggroup-ci.com\/wp-content\/uploads\/2025\/08\/MAK-1024x797.jpg 1024w, https:\/\/ggroup-ci.com\/wp-content\/uploads\/2025\/08\/MAK-768x598.jpg 768w, https:\/\/ggroup-ci.com\/wp-content\/uploads\/2025\/08\/MAK-1536x1196.jpg 1536w, https:\/\/ggroup-ci.com\/wp-content\/uploads\/2025\/08\/MAK-2048x1594.jpg 2048w, https:\/\/ggroup-ci.com\/wp-content\/uploads\/2025\/08\/MAK-600x467.jpg 600w\" sizes=\"(max-width: 2560px) 100vw, 2560px\" \/>\t\t\t\t\t\t\t\t\t\t\t\t\t\t\t<\/div>\n\t\t\t\t<div class=\"elementor-element elementor-element-90fe09e elementor-widget elementor-widget-heading\" data-id=\"90fe09e\" data-element_type=\"widget\" data-widget_type=\"heading.default\">\n\t\t\t\t\t<h2 class=\"elementor-heading-title elementor-size-default\">MARKETING DIGITAL<\/h2>\t\t\t\t<\/div>\n\t\t\t\t<div class=\"elementor-element elementor-element-3cc1d0a elementor-widget elementor-widget-text-editor\" data-id=\"3cc1d0a\" data-element_type=\"widget\" data-widget_type=\"text-editor.default\">\n\t\t\t\t\t\t\t\t\t<p data-start=\"162\" data-end=\"390\">Attirez, engagez et convertissez gr\u00e2ce \u00e0 une strat\u00e9gie digitale bien pens\u00e9e.<br data-start=\"238\" data-end=\"241\" \/>Notre service de <strong data-start=\"258\" data-end=\"279\">marketing digital<\/strong> vous aide \u00e0 d\u00e9velopper votre visibilit\u00e9 en ligne, \u00e0 g\u00e9n\u00e9rer des leads qualifi\u00e9s et \u00e0 fid\u00e9liser votre audience.<\/p><p data-start=\"392\" data-end=\"612\">Nous combinons <strong data-start=\"407\" data-end=\"431\">strat\u00e9gie de contenu<\/strong>, <strong data-start=\"433\" data-end=\"460\">r\u00e9f\u00e9rencement (SEO\/SEA)<\/strong>, <strong data-start=\"462\" data-end=\"484\">publicit\u00e9 en ligne<\/strong>, <strong data-start=\"486\" data-end=\"505\">email marketing<\/strong> et <strong data-start=\"509\" data-end=\"540\">gestion des r\u00e9seaux sociaux<\/strong> pour cr\u00e9er un \u00e9cosyst\u00e8me digital performant, align\u00e9 avec vos objectifs.<\/p><p data-start=\"614\" data-end=\"803\">Avec une approche ax\u00e9e sur les donn\u00e9es, la cr\u00e9ativit\u00e9 et la performance, nous vous accompagnons dans chaque \u00e9tape pour transformer votre pr\u00e9sence en ligne en v\u00e9ritable moteur de croissance.<\/p>\t\t\t\t\t\t\t\t<\/div>\n\t\t\t\t<div class=\"elementor-element elementor-element-b96ce44 elementor-widget elementor-widget-rs-heading\" data-id=\"b96ce44\" data-element_type=\"widget\" data-widget_type=\"rs-heading.default\">\n\t\t\t\t<div class=\"elementor-widget-container\">\n\t\t\t\t\t        <div class=\"rs-heading style16  \">\r\n        \t<div class=\"title-inner\">        \t\t      \t\t\r\n\t            \t\t\t\t\t        <\/div>\r\n\t                <\/div>\r\n\r\n        \t\t\t\t<\/div>\n\t\t\t\t<\/div>\n\t\t\t\t\t<\/div>\n\t\t<\/div>\n\t\t\t\t<div class=\"elementor-column elementor-col-50 elementor-top-column elementor-element elementor-element-05b938c bs-sidebar dynamic-sidebar\" data-id=\"05b938c\" data-element_type=\"column\">\n\t\t\t<div class=\"elementor-widget-wrap elementor-element-populated\">\n\t\t\t\t\t\t<section class=\"elementor-section elementor-inner-section elementor-element elementor-element-ef95e5c elementor-section-boxed elementor-section-height-default elementor-section-height-default\" data-id=\"ef95e5c\" data-element_type=\"section\">\n\t\t\t\t\t\t<div class=\"elementor-container elementor-column-gap-default\">\n\t\t\t\t\t<div class=\"elementor-column elementor-col-100 elementor-inner-column elementor-element elementor-element-ecad901\" data-id=\"ecad901\" data-element_type=\"column\" data-settings=\"{&quot;background_background&quot;:&quot;classic&quot;}\">\n\t\t\t<div class=\"elementor-widget-wrap elementor-element-populated\">\n\t\t\t\t\t\t<div class=\"elementor-element elementor-element-645d46c phones elementor-widget elementor-widget-rs-contact-box\" data-id=\"645d46c\" data-element_type=\"widget\" data-widget_type=\"rs-contact-box.default\">\n\t\t\t\t<div class=\"elementor-widget-container\">\n\t\t\t\t\t\t\t\r\n\r\n\t\t<!-- Style 1 Start -->\r\n\t\t<div class=\"rs-contact-box\">\r\n\r\n\t\t\t\t\t\t<div class=\"address-item vertical boxstyle1\">\r\n\r\n\t\t\t\t\t\t\t            <div class=\"address-icon\">\r\n\t\t            \t\t\t            \t\t<i class=\"fa fa-phone\"><\/i>\r\n\t\t            \t\t\t            <\/div>\r\n\t\t            \r\n\t\t            <div class=\"address-text\">\r\n\t\t            \t\r\n\r\n\t\t            \t\r\n\r\n\t\t            \t\t\t            <\/div>\r\n\t\t        <\/div>\r\n\t\t\t\t\t<\/div>\r\n\r\n\t<!-- Style 1 End -->\t\r\n\t\t\r\n\t\t\t\t\t<\/div>\n\t\t\t\t<\/div>\n\t\t\t\t<div class=\"elementor-element elementor-element-b6c4527 elementor-widget elementor-widget-heading\" data-id=\"b6c4527\" data-element_type=\"widget\" data-widget_type=\"heading.default\">\n\t\t\t\t\t<h3 class=\"elementor-heading-title elementor-size-default\">Des questions ?\nAppelez-nous d\u00e8s aujourd'hui !<\/h3>\t\t\t\t<\/div>\n\t\t\t\t<div class=\"elementor-element elementor-element-536b310 elementor-widget elementor-widget-heading\" data-id=\"536b310\" data-element_type=\"widget\" data-widget_type=\"heading.default\">\n\t\t\t\t\t<h2 class=\"elementor-heading-title elementor-size-default\">+225 0768229567<\/h2>\t\t\t\t<\/div>\n\t\t\t\t\t<\/div>\n\t\t<\/div>\n\t\t\t\t\t<\/div>\n\t\t<\/section>\n\t\t\t\t\t<\/div>\n\t\t<\/div>\n\t\t\t\t\t<\/div>\n\t\t<\/section>\n\t\t\t\t<\/div>\n\t\t","protected":false},"excerpt":{"rendered":"<p>MARKETING DIGITAL Attirez, engagez et convertissez gr\u00e2ce \u00e0 une strat\u00e9gie digitale bien pens\u00e9e.Notre service de marketing digital vous aide \u00e0 d\u00e9velopper votre visibilit\u00e9 en ligne, \u00e0 g\u00e9n\u00e9rer des leads qualifi\u00e9s et \u00e0 fid\u00e9liser votre audience. Nous combinons strat\u00e9gie de contenu, r\u00e9f\u00e9rencement (SEO\/SEA), publicit\u00e9 en ligne, email marketing et gestion des r\u00e9seaux sociaux pour cr\u00e9er un&#8230;<\/p>\n","protected":false},"author":1,"featured_media":0,"parent":11559,"menu_order":0,"comment_status":"closed","ping_status":"closed","template":"","meta":{"_monsterinsights_skip_tracking":false,"_monsterinsights_sitenote_active":false,"_monsterinsights_sitenote_note":"","_monsterinsights_sitenote_category":0,"footnotes":""},"class_list":["post-14280","page","type-page","status-publish","hentry"],"aioseo_notices":[],"_links":{"self":[{"href":"https:\/\/ggroup-ci.com\/index.php?rest_route=\/wp\/v2\/pages\/14280","targetHints":{"allow":["GET"]}}],"collection":[{"href":"https:\/\/ggroup-ci.com\/index.php?rest_route=\/wp\/v2\/pages"}],"about":[{"href":"https:\/\/ggroup-ci.com\/index.php?rest_route=\/wp\/v2\/types\/page"}],"author":[{"embeddable":true,"href":"https:\/\/ggroup-ci.com\/index.php?rest_route=\/wp\/v2\/users\/1"}],"replies":[{"embeddable":true,"href":"https:\/\/ggroup-ci.com\/index.php?rest_route=%2Fwp%2Fv2%2Fcomments&post=14280"}],"version-history":[{"count":5,"href":"https:\/\/ggroup-ci.com\/index.php?rest_route=\/wp\/v2\/pages\/14280\/revisions"}],"predecessor-version":[{"id":21885,"href":"https:\/\/ggroup-ci.com\/index.php?rest_route=\/wp\/v2\/pages\/14280\/revisions\/21885"}],"up":[{"embeddable":true,"href":"https:\/\/ggroup-ci.com\/index.php?rest_route=\/wp\/v2\/pages\/11559"}],"wp:attachment":[{"href":"https:\/\/ggroup-ci.com\/index.php?rest_route=%2Fwp%2Fv2%2Fmedia&parent=14280"}],"curies":[{"name":"wp","href":"https:\/\/api.w.org\/{rel}","templated":true}]}}